{"id":52,"date":"2026-03-09T11:34:47","date_gmt":"2026-03-09T11:34:47","guid":{"rendered":"https:\/\/sroc372.pt\/?page_id=52"},"modified":"2026-03-09T16:51:50","modified_gmt":"2026-03-09T16:51:50","slug":"quem-somos","status":"publish","type":"page","link":"https:\/\/sroc372.pt\/index.php\/quem-somos\/","title":{"rendered":"Quem somos?"},"content":{"rendered":"\n<div class=\"wp-block-group alignfull is-style-section-2 has-global-padding is-layout-constrained wp-block-group-is-layout-constrained is-style-section-2--1\" style=\"margin-top:0;margin-bottom:0;padding-top:var(--wp--preset--spacing--60);padding-bottom:var(--wp--preset--spacing--60)\">\n<div class=\"wp-block-columns alignwide is-layout-flex wp-container-core-columns-is-layout-643ced6b wp-block-columns-is-layout-flex\">\n<div class=\"wp-block-column is-layout-flow wp-container-core-column-is-layout-8a368f38 wp-block-column-is-layout-flow\" style=\"flex-basis:40%\">\n<div class=\"wp-block-cover is-light has-custom-content-position is-position-center-left\" style=\"min-height:660px;aspect-ratio:unset;\"><img loading=\"lazy\" decoding=\"async\" width=\"640\" height=\"427\" class=\"wp-block-cover__image-background wp-image-100 size-full\" alt=\"\" src=\"https:\/\/sroc372.pt\/wp-content\/uploads\/2026\/03\/55101779461_cd759ab6a7_z.jpg\" style=\"object-position:75% 100%\" data-object-fit=\"cover\" data-object-position=\"75% 100%\" srcset=\"https:\/\/sroc372.pt\/wp-content\/uploads\/2026\/03\/55101779461_cd759ab6a7_z.jpg 640w, https:\/\/sroc372.pt\/wp-content\/uploads\/2026\/03\/55101779461_cd759ab6a7_z-300x200.jpg 300w\" sizes=\"auto, (max-width: 640px) 100vw, 640px\" \/><span aria-hidden=\"true\" class=\"wp-block-cover__background has-background-dim-0 has-background-dim\" style=\"background-color:#988c89\"><\/span><div class=\"wp-block-cover__inner-container has-global-padding is-layout-constrained wp-container-core-cover-is-layout-a099c240 wp-block-cover-is-layout-constrained\">\n<p class=\"has-text-align-center has-large-font-size\"><\/p>\n<\/div><\/div>\n<\/div>\n\n\n\n<div class=\"wp-block-column is-vertically-aligned-center is-layout-flow wp-container-core-column-is-layout-119bc444 wp-block-column-is-layout-flow\" style=\"flex-basis:60%\">\n<h2 class=\"wp-block-heading has-xx-large-font-size\">Uma SROC a pensar no futuro<\/h2>\n\n\n\n<p>A nossa miss\u00e3o \u00e9 prestar servi\u00e7os de auditoria e revis\u00e3o legal de contas com elevado n\u00edvel de qualidade t\u00e9cnica, independ\u00eancia e responsabilidade, contribuindo para o refor\u00e7o da confian\u00e7a na informa\u00e7\u00e3o financeira das organiza\u00e7\u00f5es.<\/p>\n\n\n\n<p>Num contexto empresarial cada vez mais dependente de sistemas inform\u00e1ticos, a utiliza\u00e7\u00e3o de metodologias desatualizadas \u2014 concebidas ainda para uma realidade \u201cem papel\u201d \u2014 pode gerar um desfasamento entre a informa\u00e7\u00e3o produzida pelas empresas e a informa\u00e7\u00e3o analisada pelo auditor.<\/p>\n\n\n\n<p>Foi precisamente para responder a este desafio que desenvolvemos novas metodologias, plenamente adaptadas \u00e0s atuais exig\u00eancias t\u00e9cnicas da auditoria e ao enquadramento normativo que a regula. Estas solu\u00e7\u00f5es permitem uma an\u00e1lise mais eficiente da informa\u00e7\u00e3o e acompanham as necessidades das organiza\u00e7\u00f5es modernas, que exigem acesso constante a informa\u00e7\u00e3o fi\u00e1vel para a condu\u00e7\u00e3o dos seus neg\u00f3cios.<\/p>\n<\/div>\n<\/div>\n<\/div>\n\n\n\n<div class=\"wp-block-group alignfull is-style-section-5 has-global-padding is-layout-constrained wp-block-group-is-layout-constrained is-style-section-5--2\" style=\"margin-top:0;margin-bottom:0;padding-top:var(--wp--preset--spacing--50);padding-bottom:var(--wp--preset--spacing--50)\">\n<div class=\"wp-block-columns alignwide is-layout-flex wp-container-core-columns-is-layout-7ee84d44 wp-block-columns-is-layout-flex\">\n<div class=\"wp-block-column is-vertically-aligned-center is-layout-flow wp-block-column-is-layout-flow\" style=\"flex-basis:50%\">\n<h2 class=\"wp-block-heading\">Uma abordagem moderna ao processo de auditoria<\/h2>\n\n\n\n<p>Aquilo que \u00e9 verdadeiramente importante \u00e9, muitas vezes, tamb\u00e9m o mais dif\u00edcil de auditar. Por isso, adotamos uma abordagem din\u00e2mica ao processo de auditoria, suportada por ferramentas tecnol\u00f3gicas modernas que permitem uma an\u00e1lise mais abrangente e profunda do que a proporcionada pelas auditorias tradicionais centradas apenas na valida\u00e7\u00e3o documental.<\/p>\n<\/div>\n\n\n\n<div class=\"wp-block-column is-vertically-aligned-center is-layout-flow wp-block-column-is-layout-flow\" style=\"flex-basis:50%\">\n<div class=\"wp-block-columns is-not-stacked-on-mobile is-layout-flex wp-container-core-columns-is-layout-28f84493 wp-block-columns-is-layout-flex\">\n<div class=\"wp-block-column is-layout-flow wp-block-column-is-layout-flow\" style=\"flex-basis:100%\">\n<figure class=\"wp-block-image size-full\"><img loading=\"lazy\" decoding=\"async\" width=\"1024\" height=\"683\" src=\"https:\/\/sroc372.pt\/wp-content\/uploads\/2026\/03\/55039983648_8968cfea6a_b.jpg\" alt=\"\" class=\"wp-image-102\" style=\"aspect-ratio:1;object-fit:cover\" srcset=\"https:\/\/sroc372.pt\/wp-content\/uploads\/2026\/03\/55039983648_8968cfea6a_b.jpg 1024w, https:\/\/sroc372.pt\/wp-content\/uploads\/2026\/03\/55039983648_8968cfea6a_b-300x200.jpg 300w, https:\/\/sroc372.pt\/wp-content\/uploads\/2026\/03\/55039983648_8968cfea6a_b-768x512.jpg 768w\" sizes=\"auto, (max-width: 1024px) 100vw, 1024px\" \/><\/figure>\n<\/div>\n<\/div>\n<\/div>\n<\/div>\n<\/div>\n","protected":false},"excerpt":{"rendered":"<p>Uma SROC a pensar no futuro A nossa miss\u00e3o \u00e9 prestar servi\u00e7os de auditoria e revis\u00e3o legal de contas com elevado n\u00edvel de qualidade t\u00e9cnica, independ\u00eancia e responsabilidade, contribuindo para o refor\u00e7o da confian\u00e7a na informa\u00e7\u00e3o financeira das organiza\u00e7\u00f5es. Num contexto empresarial cada vez mais dependente de sistemas inform\u00e1ticos, a utiliza\u00e7\u00e3o de metodologias desatualizadas \u2014 [&hellip;]<\/p>\n","protected":false},"author":1,"featured_media":0,"parent":0,"menu_order":0,"comment_status":"closed","ping_status":"closed","template":"","meta":{"footnotes":""},"class_list":["post-52","page","type-page","status-publish","hentry"],"_links":{"self":[{"href":"https:\/\/sroc372.pt\/index.php\/wp-json\/wp\/v2\/pages\/52","targetHints":{"allow":["GET"]}}],"collection":[{"href":"https:\/\/sroc372.pt\/index.php\/wp-json\/wp\/v2\/pages"}],"about":[{"href":"https:\/\/sroc372.pt\/index.php\/wp-json\/wp\/v2\/types\/page"}],"author":[{"embeddable":true,"href":"https:\/\/sroc372.pt\/index.php\/wp-json\/wp\/v2\/users\/1"}],"replies":[{"embeddable":true,"href":"https:\/\/sroc372.pt\/index.php\/wp-json\/wp\/v2\/comments?post=52"}],"version-history":[{"count":5,"href":"https:\/\/sroc372.pt\/index.php\/wp-json\/wp\/v2\/pages\/52\/revisions"}],"predecessor-version":[{"id":105,"href":"https:\/\/sroc372.pt\/index.php\/wp-json\/wp\/v2\/pages\/52\/revisions\/105"}],"wp:attachment":[{"href":"https:\/\/sroc372.pt\/index.php\/wp-json\/wp\/v2\/media?parent=52"}],"curies":[{"name":"wp","href":"https:\/\/api.w.org\/{rel}","templated":true}]}}